{"id":3,"date":"2021-07-23T13:40:05","date_gmt":"2021-07-23T16:40:05","guid":{"rendered":"http:\/\/blog.santoantonioimobiliaria.com.br\/?page_id=3"},"modified":"2021-08-05T14:11:10","modified_gmt":"2021-08-05T17:11:10","slug":"politica-de-privacidade","status":"publish","type":"page","link":"http:\/\/blog.santoantonioimobiliaria.com.br\/?page_id=3","title":{"rendered":"Pol\u00edtica de privacidade"},"content":{"rendered":"\n<p>A sua privacidade \u00e9 importante para n\u00f3s. \u00c9 a pol\u00edtica da Imobili\u00e1ria Santo Ant\u00f4nio respeitar a sua privacidade em rela\u00e7\u00e3o a qualquer informa\u00e7\u00e3o sua que possamos coletar no site da imobili\u00e1ria.<\/p>\n\n\n\n<p>Solicitamos informa\u00e7\u00f5es pessoais apenas quando realmente precisamos delas para lhe fornecer um servi\u00e7o. Fazemos por meios justos e legais, com o seu conhecimento e consentimento. Tamb\u00e9m informamos por que estamos coletando e como ser\u00e1 usado.<\/p>\n\n\n\n<p>Apenas retemos as informa\u00e7\u00f5es coletadas pelo tempo necess\u00e1rio para fornecer o servi\u00e7o solicitado. Quando armazenamos dados, protegemos dentro de meios comercialmente aceit\u00e1veis \u200b\u200bpara evitar perdas e roubos, bem como acesso, divulga\u00e7\u00e3o, c\u00f3pia, uso ou modifica\u00e7\u00e3o n\u00e3o autorizados.<\/p>\n\n\n\n<p>N\u00e3o compartilhamos informa\u00e7\u00f5es de identifica\u00e7\u00e3o pessoal publicamente ou com terceiros, exceto quando exigido por lei.<\/p>\n\n\n\n<p>O nosso site pode ter links para sites externos que n\u00e3o s\u00e3o operados por n\u00f3s. Esteja ciente de que n\u00e3o temos controle sobre o conte\u00fado e pr\u00e1ticas desses sites e n\u00e3o podemos aceitar responsabilidade por suas respectivas pol\u00edticas de privacidade.<\/p>\n\n\n\n<p>Voc\u00ea \u00e9 livre para recusar a nossa solicita\u00e7\u00e3o de informa\u00e7\u00f5es pessoais, entendendo que talvez n\u00e3o possamos fornecer alguns dos servi\u00e7os desejados.<\/p>\n\n\n\n<p>O uso continuado de nosso site ser\u00e1 considerado como aceita\u00e7\u00e3o de nossas pr\u00e1ticas em torno de privacidade e informa\u00e7\u00f5es pessoais. Se voc\u00ea tiver alguma d\u00favida sobre como lidamos com dados do usu\u00e1rio e informa\u00e7\u00f5es pessoais, entre em contato conosco.<\/p>\n\n\n\n<p><strong>Pol\u00edtica de Cookies Imobili\u00e1ria Santo Ant\u00f4nio<\/strong><\/p>\n\n\n\n<p><strong>O que s\u00e3o cookies?<\/strong><\/p>\n\n\n\n<p>Como \u00e9 pr\u00e1tica comum em quase todos os sites profissionais, este site usa cookies, que s\u00e3o pequenos arquivos baixados no seu computador, para melhorar sua experi\u00eancia. Esta p\u00e1gina descreve quais informa\u00e7\u00f5es eles coletam, como as usamos e por que \u00e0s vezes precisamos armazenar esses cookies. Tamb\u00e9m compartilharemos como voc\u00ea pode impedir que esses cookies sejam armazenados, no entanto, isso pode fazer o downgrade ou &#8216;quebrar&#8217; certos elementos da funcionalidade do site.<\/p>\n\n\n\n<p><strong>Como usamos os cookies?<\/strong><\/p>\n\n\n\n<p>Utilizamos cookies por v\u00e1rios motivos, detalhados abaixo. Infelizmente, na maioria dos casos, n\u00e3o existem op\u00e7\u00f5es padr\u00e3o do setor para desativar os cookies sem desativar completamente a funcionalidade e os recursos que eles adicionam a este site. \u00c9 recomend\u00e1vel que voc\u00ea deixe todos os cookies se n\u00e3o tiver certeza se precisa ou n\u00e3o deles, caso sejam usados \u200b\u200bpara fornecer um servi\u00e7o que voc\u00ea usa.<\/p>\n\n\n\n<p><strong>Desativar cookies<\/strong><\/p>\n\n\n\n<p>Voc\u00ea pode impedir a configura\u00e7\u00e3o de cookies ajustando as configura\u00e7\u00f5es do seu navegador (consulte a Ajuda do navegador para saber como fazer isso). Esteja ciente de que a desativa\u00e7\u00e3o de cookies afetar\u00e1 a funcionalidade deste e de muitos outros sites que voc\u00ea visita. A desativa\u00e7\u00e3o de cookies geralmente resultar\u00e1 na desativa\u00e7\u00e3o de determinadas funcionalidades e recursos deste site. Portanto, \u00e9 recomend\u00e1vel que voc\u00ea n\u00e3o desative os cookies.<\/p>\n\n\n\n<p><strong>Cookies que definimos<\/strong><\/p>\n\n\n\n<p>Segue uma lista dos cookies que usamos. N\u00f3s os listamos para que voc\u00ea possa escolher se voc\u00ea quer optar pelos cookies. Confira tamb\u00e9m a pol\u00edtica de privacidade de cada um dos cookies de terceiros:<\/p>\n\n\n\n<ul><li>Cookies relacionados a pesquisas<\/li><\/ul>\n\n\n\n<ul><li>Cookies relacionados a formul\u00e1rios<\/li><\/ul>\n\n\n\n<ul><li>Facebook (https:\/\/www.facebook.com\/policy\/cookies\/)<\/li><\/ul>\n\n\n\n<ul><li>Google Analytics (https:\/\/policies.google.com\/technologies\/partner-sites?hl=pt-BR)<\/li><\/ul>\n\n\n\n<ul><li>RD Station Marketing (https:\/\/www.rdstation.com\/pt\/politica-de-privacidade\/)<\/li><\/ul>\n\n\n\n<p><strong>Compromisso do Usu\u00e1rio<\/strong><\/p>\n\n\n\n<p>O usu\u00e1rio se compromete a fazer uso adequado dos conte\u00fados e da informa\u00e7\u00e3o que a Imobili\u00e1ria Santo Ant\u00f4nio oferece no site e com car\u00e1ter enunciativo, mas n\u00e3o limitativo:<\/p>\n\n\n\n<p>N\u00e3o se envolver em atividades que sejam ilegais ou contr\u00e1rias da boa f\u00e9 a da ordem p\u00fablica;<\/p>\n\n\n\n<p>N\u00e3o difundir propaganda ou conte\u00fado de natureza racista, xenof\u00f3bica, ou apostas desportivas, jogos de sorte e azar, qualquer tipo de pornografia ilegal, de apologia ao terrorismo ou contra os direitos humanos;<\/p>\n\n\n\n<p>N\u00e3o causar danos aos sistemas f\u00edsicos (hardwares) e l\u00f3gicos (softwares) da Imobili\u00e1ria Santo Ant\u00f4nio, de seus fornecedores ou terceiros, para introduzir ou disseminar v\u00edrus inform\u00e1ticos ou quaisquer outros sistemas de hardware ou software que sejam capazes de causar danos anteriormente mencionados.<\/p>\n\n\n\n<p><strong>Mais informa\u00e7\u00f5es<\/strong><\/p>\n\n\n\n<p>Esperemos que esteja esclarecido e, como mencionado anteriormente, se houver algo que voc\u00ea n\u00e3o tem certeza se precisa ou n\u00e3o, geralmente \u00e9 mais seguro deixar os cookies ativados, caso interaja com um dos recursos que voc\u00ea usa em nosso site.<\/p>\n\n\n\n<p>Se voc\u00ea gostaria de acessar, corrigir, alterar ou excluir quaisquer informa\u00e7\u00f5es pessoais que temos sobre voc\u00ea, pe\u00e7a mais informa\u00e7\u00f5es de contato atrav\u00e9s do Whatsapp (48) 99968-0013 ou no endere\u00e7o: Estrada Caminho dos A\u00e7ores, 1979 &#8211; Santo Ant\u00f4nio de Lisboa | Florian\u00f3polis, SC. C88050-300.<\/p>\n","protected":false},"excerpt":{"rendered":"<p>A sua privacidade \u00e9 importante para n\u00f3s. \u00c9 a pol\u00edtica da Imobili\u00e1ria Santo Ant\u00f4nio respeitar a sua privacidade em rela\u00e7\u00e3o a qualquer informa\u00e7\u00e3o sua que possamos coletar no site da imobili\u00e1ria. Solicitamos informa\u00e7\u00f5es pessoais apenas quando realmente precisamos delas para lhe fornecer um servi\u00e7o. Fazemos por meios justos e legais,&#8230;<\/p>\n","protected":false},"author":1,"featured_media":0,"parent":0,"menu_order":0,"comment_status":"closed","ping_status":"open","template":"","meta":[],"_links":{"self":[{"href":"http:\/\/blog.santoantonioimobiliaria.com.br\/index.php?rest_route=\/wp\/v2\/pages\/3"}],"collection":[{"href":"http:\/\/blog.santoantonioimobiliaria.com.br\/index.php?rest_route=\/wp\/v2\/pages"}],"about":[{"href":"http:\/\/blog.santoantonioimobiliaria.com.br\/index.php?rest_route=\/wp\/v2\/types\/page"}],"author":[{"embeddable":true,"href":"http:\/\/blog.santoantonioimobiliaria.com.br\/index.php?rest_route=\/wp\/v2\/users\/1"}],"replies":[{"embeddable":true,"href":"http:\/\/blog.santoantonioimobiliaria.com.br\/index.php?rest_route=%2Fwp%2Fv2%2Fcomments&post=3"}],"version-history":[{"count":2,"href":"http:\/\/blog.santoantonioimobiliaria.com.br\/index.php?rest_route=\/wp\/v2\/pages\/3\/revisions"}],"predecessor-version":[{"id":54,"href":"http:\/\/blog.santoantonioimobiliaria.com.br\/index.php?rest_route=\/wp\/v2\/pages\/3\/revisions\/54"}],"wp:attachment":[{"href":"http:\/\/blog.santoantonioimobiliaria.com.br\/index.php?rest_route=%2Fwp%2Fv2%2Fmedia&parent=3"}],"curies":[{"name":"wp","href":"https:\/\/api.w.org\/{rel}","templated":true}]}}