{"id":6,"date":"2021-07-23T13:54:05","date_gmt":"2021-07-23T16:54:05","guid":{"rendered":"http:\/\/blog.santoantonioimobiliaria.com.br\/?page_id=6"},"modified":"2021-08-05T13:45:00","modified_gmt":"2021-08-05T16:45:00","slug":"sobre","status":"publish","type":"page","link":"http:\/\/blog.santoantonioimobiliaria.com.br\/?page_id=6","title":{"rendered":"Quem Somos"},"content":{"rendered":"\n<p>Atuando no mercado imobili\u00e1rio de Florian\u00f3polis desde 2003, a Imobili\u00e1ria Santo Ant\u00f4nio contribui desde ent\u00e3o para a valoriza\u00e7\u00e3o e o desenvolvimento da Freguesia de Santo Ant\u00f4nio de Lisboa. Situada pr\u00f3ximo \u00e0 SC-401, no caminho para as praias do norte da capital catarinense, a regi\u00e3o ainda \u00e9 formado por outros tr\u00eas bairros: Cacup\u00e9, Sambaqui e Ponta do Sambaqui que atraem moradores pela localiza\u00e7\u00e3o estrat\u00e9gica, proximidade com a natureza e o mar, completa rede de servi\u00e7os e, claro, o p\u00f4r-do-sol espetacular.<\/p>\n\n\n\n<p>Sob a gest\u00e3o de Fabr\u00edcio da Luz, corretor de im\u00f3veis (CRECI-SC 14458), e Juliana Cunha, administradora de empresas e especialista em direito imobili\u00e1rio, a Imobili\u00e1ria Santo Ant\u00f4nio orgulha-se de fazer parte do desenvolvimento de uma das principais regi\u00f5es da cidade, al\u00e9m de resgatar e valorizar a tradi\u00e7\u00e3o e cultura a\u00e7oriana local atrav\u00e9s do Projeto Mem\u00f3rias de Santo Ant\u00f4nio.<\/p>\n\n\n\n<h5>Miss\u00e3o<\/h5>\n\n\n\n<p>Oferecer e garantir oportunidades para a realiza\u00e7\u00e3o de sonhos aos nossos clientes, atrav\u00e9s da compra, venda e loca\u00e7\u00e3o de im\u00f3veis com responsabilidade e comprometimento.<\/p>\n\n\n\n<h5>Vis\u00e3o<\/h5>\n\n\n\n<p>Tornar-se refer\u00eancia entre as imobili\u00e1rias da Grande Florian\u00f3polis e se reconhecida pelo atendimento personalizado, amplo conhecimento de mercado, excel\u00eancia dos servi\u00e7os prestados e admira\u00e7\u00e3o pela hist\u00f3ria do Bairro de Santo Ant\u00f4nio de Lisboa.<\/p>\n\n\n\n<h5>Valores<\/h5>\n\n\n\n<p>\u00c9tica, transpar\u00eancia, agilidade, efici\u00eancia e respeito aos clientes, parceiros e profissionais do setor.<\/p>\n","protected":false},"excerpt":{"rendered":"<p>Atuando no mercado imobili\u00e1rio de Florian\u00f3polis desde 2003, a Imobili\u00e1ria Santo Ant\u00f4nio contribui desde ent\u00e3o para a valoriza\u00e7\u00e3o e o desenvolvimento da Freguesia de Santo Ant\u00f4nio de Lisboa. Situada pr\u00f3ximo \u00e0 SC-401, no caminho para as praias do norte da capital catarinense, a regi\u00e3o ainda \u00e9 formado por outros tr\u00eas&#8230;<\/p>\n","protected":false},"author":1,"featured_media":0,"parent":0,"menu_order":0,"comment_status":"closed","ping_status":"closed","template":"","meta":[],"_links":{"self":[{"href":"http:\/\/blog.santoantonioimobiliaria.com.br\/index.php?rest_route=\/wp\/v2\/pages\/6"}],"collection":[{"href":"http:\/\/blog.santoantonioimobiliaria.com.br\/index.php?rest_route=\/wp\/v2\/pages"}],"about":[{"href":"http:\/\/blog.santoantonioimobiliaria.com.br\/index.php?rest_route=\/wp\/v2\/types\/page"}],"author":[{"embeddable":true,"href":"http:\/\/blog.santoantonioimobiliaria.com.br\/index.php?rest_route=\/wp\/v2\/users\/1"}],"replies":[{"embeddable":true,"href":"http:\/\/blog.santoantonioimobiliaria.com.br\/index.php?rest_route=%2Fwp%2Fv2%2Fcomments&post=6"}],"version-history":[{"count":2,"href":"http:\/\/blog.santoantonioimobiliaria.com.br\/index.php?rest_route=\/wp\/v2\/pages\/6\/revisions"}],"predecessor-version":[{"id":48,"href":"http:\/\/blog.santoantonioimobiliaria.com.br\/index.php?rest_route=\/wp\/v2\/pages\/6\/revisions\/48"}],"wp:attachment":[{"href":"http:\/\/blog.santoantonioimobiliaria.com.br\/index.php?rest_route=%2Fwp%2Fv2%2Fmedia&parent=6"}],"curies":[{"name":"wp","href":"https:\/\/api.w.org\/{rel}","templated":true}]}}